{"id":1155,"date":"2023-03-07T11:58:50","date_gmt":"2023-03-07T16:58:50","guid":{"rendered":"https:\/\/gdrtechnologies.ca\/?page_id=1155"},"modified":"2023-07-20T13:55:29","modified_gmt":"2023-07-20T17:55:29","slug":"contact","status":"publish","type":"page","link":"https:\/\/gdrtechnologies.ca\/index.php\/contact\/","title":{"rendered":"Contactez-nous"},"content":{"rendered":"\t\t<div data-elementor-type=\"wp-page\" data-elementor-id=\"1155\" class=\"elementor elementor-1155\" data-elementor-post-type=\"page\">\n\t\t\t\t\t\t<section class=\"elementor-section elementor-top-section elementor-element elementor-element-309fca2 elementor-section-height-full elementor-section-boxed elementor-section-height-default elementor-section-items-middle\" data-id=\"309fca2\" data-element_type=\"section\" data-settings=\"{&quot;background_background&quot;:&quot;slideshow&quot;,&quot;background_slideshow_gallery&quot;:[{&quot;id&quot;:1157,&quot;url&quot;:&quot;http:\\\/\\\/gdrtechnologies.ca\\\/wp-content\\\/uploads\\\/2023\\\/03\\\/banc.png&quot;}],&quot;background_slideshow_loop&quot;:&quot;yes&quot;,&quot;background_slideshow_slide_duration&quot;:5000,&quot;background_slideshow_slide_transition&quot;:&quot;fade&quot;,&quot;background_slideshow_transition_duration&quot;:500}\">\n\t\t\t\t\t\t\t<div class=\"elementor-background-overlay\"><\/div>\n\t\t\t\t\t\t\t<div class=\"elementor-container elementor-column-gap-default\">\n\t\t\t\t\t<div class=\"elementor-column elementor-col-100 elementor-top-column elementor-element elementor-element-d29a972\" data-id=\"d29a972\" data-element_type=\"column\">\n\t\t\t<div class=\"elementor-widget-wrap elementor-element-populated\">\n\t\t\t\t\t\t<section class=\"elementor-section elementor-inner-section elementor-element elementor-element-78efb67 elementor-section-boxed elementor-section-height-default elementor-section-height-default\" data-id=\"78efb67\" data-element_type=\"section\">\n\t\t\t\t\t\t<div class=\"elementor-container elementor-column-gap-default\">\n\t\t\t\t\t<div class=\"elementor-column elementor-col-50 elementor-inner-column elementor-element elementor-element-63dff6c\" data-id=\"63dff6c\" data-element_type=\"column\">\n\t\t\t<div class=\"elementor-widget-wrap elementor-element-populated\">\n\t\t\t\t\t\t<div class=\"elementor-element elementor-element-779a100 elementor-widget elementor-widget-text-editor\" data-id=\"779a100\" data-element_type=\"widget\" data-widget_type=\"text-editor.default\">\n\t\t\t\t<div class=\"elementor-widget-container\">\n\t\t\t<style>\/*! elementor - v3.20.0 - 06-03-2024 *\/\n.elementor-widget-text-editor.elementor-drop-cap-view-stacked .elementor-drop-cap{background-color:#69727d;color:#fff}.elementor-widget-text-editor.elementor-drop-cap-view-framed .elementor-drop-cap{color:#69727d;border:3px solid;background-color:transparent}.elementor-widget-text-editor:not(.elementor-drop-cap-view-default) .elementor-drop-cap{margin-top:8px}.elementor-widget-text-editor:not(.elementor-drop-cap-view-default) .elementor-drop-cap-letter{width:1em;height:1em}.elementor-widget-text-editor .elementor-drop-cap{float:left;text-align:center;line-height:1;font-size:50px}.elementor-widget-text-editor .elementor-drop-cap-letter{display:inline-block}<\/style>\t\t\t\t<h3><span style=\"text-decoration: underline;\"><span style=\"color: #ffffff; text-decoration: underline;\">N&rsquo;h\u00e9sitez pas \u00e0 nous contacter<\/span><\/span><\/h3><h4><span style=\"color: #ffffff;\">Si vous recherchez une solution pour votre Municipalit\u00e9 ou votre entreprise, n&rsquo;h\u00e9sitez pas \u00e0 nous contacter. Notre \u00e9quipe sera ravie de partager avec vous notre expertise et de vous aider \u00e0 trouver la solution qui r\u00e9pond le mieux \u00e0 vos besoins. Vous pouvez nous contacter par t\u00e9l\u00e9phone, par mail ou remplir le formulaire de contact sur notre site. Nous sommes impatients de vous entendre et de vous aider \u00e0 atteindre vos objectifs.<\/span><\/h4>\t\t\t\t\t\t<\/div>\n\t\t\t\t<\/div>\n\t\t\t\t\t<\/div>\n\t\t<\/div>\n\t\t\t\t<div class=\"elementor-column elementor-col-50 elementor-inner-column elementor-element elementor-element-0c63a7a\" data-id=\"0c63a7a\" data-element_type=\"column\">\n\t\t\t<div class=\"elementor-widget-wrap elementor-element-populated\">\n\t\t\t\t\t\t<div class=\"elementor-element elementor-element-27979d3 elementor-widget elementor-widget-text-editor\" data-id=\"27979d3\" data-element_type=\"widget\" data-widget_type=\"text-editor.default\">\n\t\t\t\t<div class=\"elementor-widget-container\">\n\t\t\t\t\t\t\t<h4 style=\"text-align: right;\"><span style=\"color: #ffffff;\">Email:&nbsp; info@gdrtechnologies.ca<\/span><\/h4>\n<h4 style=\"text-align: right;\"><span style=\"color: #ffffff;\">T\u00e9l\u00e9phone : 418-291-4238<\/span><\/h4>\n<h4 style=\"text-align: right;\"><br><\/h4>\t\t\t\t\t\t<\/div>\n\t\t\t\t<\/div>\n\t\t\t\t\t<\/div>\n\t\t<\/div>\n\t\t\t\t\t<\/div>\n\t\t<\/section>\n\t\t\t\t<section class=\"elementor-section elementor-inner-section elementor-element elementor-element-1e33e9d elementor-section-boxed elementor-section-height-default elementor-section-height-default\" data-id=\"1e33e9d\" data-element_type=\"section\">\n\t\t\t\t\t\t<div class=\"elementor-container elementor-column-gap-default\">\n\t\t\t\t\t<div class=\"elementor-column elementor-col-50 elementor-inner-column elementor-element elementor-element-6b6910a\" data-id=\"6b6910a\" data-element_type=\"column\">\n\t\t\t<div class=\"elementor-widget-wrap elementor-element-populated\">\n\t\t\t\t\t\t<div class=\"elementor-element elementor-element-3d4524c elementor-widget elementor-widget-image\" data-id=\"3d4524c\" data-element_type=\"widget\" data-widget_type=\"image.default\">\n\t\t\t\t<div class=\"elementor-widget-container\">\n\t\t\t<style>\/*! elementor - v3.20.0 - 06-03-2024 *\/\n.elementor-widget-image{text-align:center}.elementor-widget-image a{display:inline-block}.elementor-widget-image a img[src$=\".svg\"]{width:48px}.elementor-widget-image img{vertical-align:middle;display:inline-block}<\/style>\t\t\t\t\t\t\t\t\t\t<img fetchpriority=\"high\" decoding=\"async\" width=\"500\" height=\"500\" src=\"https:\/\/gdrtechnologies.ca\/wp-content\/uploads\/2023\/03\/gdrfullalpha.png\" class=\"attachment-large size-large wp-image-1164\" alt=\"\" \/>\t\t\t\t\t\t\t\t\t\t\t\t\t<\/div>\n\t\t\t\t<\/div>\n\t\t\t\t\t<\/div>\n\t\t<\/div>\n\t\t\t\t<div class=\"elementor-column elementor-col-50 elementor-inner-column elementor-element elementor-element-99a6601\" data-id=\"99a6601\" data-element_type=\"column\">\n\t\t\t<div class=\"elementor-widget-wrap\">\n\t\t\t\t\t\t\t<\/div>\n\t\t<\/div>\n\t\t\t\t\t<\/div>\n\t\t<\/section>\n\t\t\t\t\t<\/div>\n\t\t<\/div>\n\t\t\t\t\t<\/div>\n\t\t<\/section>\n\t\t\t\t<\/div>\n\t\t","protected":false},"excerpt":{"rendered":"<p>N&rsquo;h\u00e9sitez pas \u00e0 nous contacter Si vous recherchez une solution pour votre Municipalit\u00e9 ou votre entreprise, n&rsquo;h\u00e9sitez pas \u00e0 nous contacter. Notre \u00e9quipe sera ravie de partager avec vous notre expertise et de vous aider \u00e0 trouver la solution qui r\u00e9pond le mieux \u00e0 vos besoins. Vous pouvez nous contacter par t\u00e9l\u00e9phone, par mail ou [&hellip;]<\/p>\n","protected":false},"author":1,"featured_media":0,"parent":0,"menu_order":0,"comment_status":"closed","ping_status":"closed","template":"elementor_header_footer","meta":{"footnotes":""},"class_list":["post-1155","page","type-page","status-publish","hentry"],"yoast_head":"<!-- This site is optimized with the Yoast SEO plugin v22.2 - https:\/\/yoast.com\/wordpress\/plugins\/seo\/ -->\n<title>Contactez-nous :<\/title>\n<meta name=\"description\" content=\": Contactez-nous :\" \/>\n<meta name=\"robots\" content=\"index, follow, max-snippet:-1, max-image-preview:large, max-video-preview:-1\" \/>\n<link rel=\"canonical\" href=\"https:\/\/gdrtechnologies.ca\/index.php\/contact\/\" \/>\n<meta property=\"og:locale\" content=\"fr_FR\" \/>\n<meta property=\"og:type\" content=\"article\" \/>\n<meta property=\"og:title\" content=\"Contactez-nous :\" \/>\n<meta property=\"og:description\" content=\": Contactez-nous :\" \/>\n<meta property=\"og:url\" content=\"https:\/\/gdrtechnologies.ca\/index.php\/contact\/\" \/>\n<meta property=\"article:modified_time\" content=\"2023-07-20T17:55:29+00:00\" \/>\n<meta property=\"og:image\" content=\"http:\/\/gdrtechnologies.ca\/wp-content\/uploads\/2023\/03\/gdrfullalpha.png\" \/>\n<meta name=\"twitter:card\" content=\"summary_large_image\" \/>\n<meta name=\"twitter:label1\" content=\"Dur\u00e9e de lecture estim\u00e9e\" \/>\n\t<meta name=\"twitter:data1\" content=\"1 minute\" \/>\n<script type=\"application\/ld+json\" class=\"yoast-schema-graph\">{\"@context\":\"https:\/\/schema.org\",\"@graph\":[{\"@type\":\"WebPage\",\"@id\":\"https:\/\/gdrtechnologies.ca\/index.php\/contact\/\",\"url\":\"https:\/\/gdrtechnologies.ca\/index.php\/contact\/\",\"name\":\"Contactez-nous :\",\"isPartOf\":{\"@id\":\"https:\/\/gdrtechnologies.ca\/#website\"},\"primaryImageOfPage\":{\"@id\":\"https:\/\/gdrtechnologies.ca\/index.php\/contact\/#primaryimage\"},\"image\":{\"@id\":\"https:\/\/gdrtechnologies.ca\/index.php\/contact\/#primaryimage\"},\"thumbnailUrl\":\"http:\/\/gdrtechnologies.ca\/wp-content\/uploads\/2023\/03\/gdrfullalpha.png\",\"datePublished\":\"2023-03-07T16:58:50+00:00\",\"dateModified\":\"2023-07-20T17:55:29+00:00\",\"description\":\": Contactez-nous :\",\"breadcrumb\":{\"@id\":\"https:\/\/gdrtechnologies.ca\/index.php\/contact\/#breadcrumb\"},\"inLanguage\":\"fr-FR\",\"potentialAction\":[{\"@type\":\"ReadAction\",\"target\":[\"https:\/\/gdrtechnologies.ca\/index.php\/contact\/\"]}]},{\"@type\":\"ImageObject\",\"inLanguage\":\"fr-FR\",\"@id\":\"https:\/\/gdrtechnologies.ca\/index.php\/contact\/#primaryimage\",\"url\":\"http:\/\/gdrtechnologies.ca\/wp-content\/uploads\/2023\/03\/gdrfullalpha.png\",\"contentUrl\":\"http:\/\/gdrtechnologies.ca\/wp-content\/uploads\/2023\/03\/gdrfullalpha.png\"},{\"@type\":\"BreadcrumbList\",\"@id\":\"https:\/\/gdrtechnologies.ca\/index.php\/contact\/#breadcrumb\",\"itemListElement\":[{\"@type\":\"ListItem\",\"position\":1,\"name\":\"Accueil\",\"item\":\"https:\/\/gdrtechnologies.ca\/\"},{\"@type\":\"ListItem\",\"position\":2,\"name\":\"Contactez-nous\"}]},{\"@type\":\"WebSite\",\"@id\":\"https:\/\/gdrtechnologies.ca\/#website\",\"url\":\"https:\/\/gdrtechnologies.ca\/\",\"name\":\"Gdrtechnologies\",\"description\":\"Gestion des actifs\",\"publisher\":{\"@id\":\"https:\/\/gdrtechnologies.ca\/#organization\"},\"potentialAction\":[{\"@type\":\"SearchAction\",\"target\":{\"@type\":\"EntryPoint\",\"urlTemplate\":\"https:\/\/gdrtechnologies.ca\/?s={search_term_string}\"},\"query-input\":\"required name=search_term_string\"}],\"inLanguage\":\"fr-FR\"},{\"@type\":\"Organization\",\"@id\":\"https:\/\/gdrtechnologies.ca\/#organization\",\"name\":\"GDR Technologies\",\"url\":\"https:\/\/gdrtechnologies.ca\/\",\"logo\":{\"@type\":\"ImageObject\",\"inLanguage\":\"fr-FR\",\"@id\":\"https:\/\/gdrtechnologies.ca\/#\/schema\/logo\/image\/\",\"url\":\"https:\/\/gdrtechnologies.ca\/wp-content\/uploads\/2023\/03\/gdrlogoonlywitheg.png\",\"contentUrl\":\"https:\/\/gdrtechnologies.ca\/wp-content\/uploads\/2023\/03\/gdrlogoonlywitheg.png\",\"width\":500,\"height\":500,\"caption\":\"GDR Technologies\"},\"image\":{\"@id\":\"https:\/\/gdrtechnologies.ca\/#\/schema\/logo\/image\/\"}}]}<\/script>\n<!-- \/ Yoast SEO plugin. -->","yoast_head_json":{"title":"Contactez-nous :","description":": Contactez-nous :","robots":{"index":"index","follow":"follow","max-snippet":"max-snippet:-1","max-image-preview":"max-image-preview:large","max-video-preview":"max-video-preview:-1"},"canonical":"https:\/\/gdrtechnologies.ca\/index.php\/contact\/","og_locale":"fr_FR","og_type":"article","og_title":"Contactez-nous :","og_description":": Contactez-nous :","og_url":"https:\/\/gdrtechnologies.ca\/index.php\/contact\/","article_modified_time":"2023-07-20T17:55:29+00:00","og_image":[{"url":"http:\/\/gdrtechnologies.ca\/wp-content\/uploads\/2023\/03\/gdrfullalpha.png"}],"twitter_card":"summary_large_image","twitter_misc":{"Dur\u00e9e de lecture estim\u00e9e":"1 minute"},"schema":{"@context":"https:\/\/schema.org","@graph":[{"@type":"WebPage","@id":"https:\/\/gdrtechnologies.ca\/index.php\/contact\/","url":"https:\/\/gdrtechnologies.ca\/index.php\/contact\/","name":"Contactez-nous :","isPartOf":{"@id":"https:\/\/gdrtechnologies.ca\/#website"},"primaryImageOfPage":{"@id":"https:\/\/gdrtechnologies.ca\/index.php\/contact\/#primaryimage"},"image":{"@id":"https:\/\/gdrtechnologies.ca\/index.php\/contact\/#primaryimage"},"thumbnailUrl":"http:\/\/gdrtechnologies.ca\/wp-content\/uploads\/2023\/03\/gdrfullalpha.png","datePublished":"2023-03-07T16:58:50+00:00","dateModified":"2023-07-20T17:55:29+00:00","description":": Contactez-nous :","breadcrumb":{"@id":"https:\/\/gdrtechnologies.ca\/index.php\/contact\/#breadcrumb"},"inLanguage":"fr-FR","potentialAction":[{"@type":"ReadAction","target":["https:\/\/gdrtechnologies.ca\/index.php\/contact\/"]}]},{"@type":"ImageObject","inLanguage":"fr-FR","@id":"https:\/\/gdrtechnologies.ca\/index.php\/contact\/#primaryimage","url":"http:\/\/gdrtechnologies.ca\/wp-content\/uploads\/2023\/03\/gdrfullalpha.png","contentUrl":"http:\/\/gdrtechnologies.ca\/wp-content\/uploads\/2023\/03\/gdrfullalpha.png"},{"@type":"BreadcrumbList","@id":"https:\/\/gdrtechnologies.ca\/index.php\/contact\/#breadcrumb","itemListElement":[{"@type":"ListItem","position":1,"name":"Accueil","item":"https:\/\/gdrtechnologies.ca\/"},{"@type":"ListItem","position":2,"name":"Contactez-nous"}]},{"@type":"WebSite","@id":"https:\/\/gdrtechnologies.ca\/#website","url":"https:\/\/gdrtechnologies.ca\/","name":"Gdrtechnologies","description":"Gestion des actifs","publisher":{"@id":"https:\/\/gdrtechnologies.ca\/#organization"},"potentialAction":[{"@type":"SearchAction","target":{"@type":"EntryPoint","urlTemplate":"https:\/\/gdrtechnologies.ca\/?s={search_term_string}"},"query-input":"required name=search_term_string"}],"inLanguage":"fr-FR"},{"@type":"Organization","@id":"https:\/\/gdrtechnologies.ca\/#organization","name":"GDR Technologies","url":"https:\/\/gdrtechnologies.ca\/","logo":{"@type":"ImageObject","inLanguage":"fr-FR","@id":"https:\/\/gdrtechnologies.ca\/#\/schema\/logo\/image\/","url":"https:\/\/gdrtechnologies.ca\/wp-content\/uploads\/2023\/03\/gdrlogoonlywitheg.png","contentUrl":"https:\/\/gdrtechnologies.ca\/wp-content\/uploads\/2023\/03\/gdrlogoonlywitheg.png","width":500,"height":500,"caption":"GDR Technologies"},"image":{"@id":"https:\/\/gdrtechnologies.ca\/#\/schema\/logo\/image\/"}}]}},"_links":{"self":[{"href":"https:\/\/gdrtechnologies.ca\/index.php\/wp-json\/wp\/v2\/pages\/1155","targetHints":{"allow":["GET"]}}],"collection":[{"href":"https:\/\/gdrtechnologies.ca\/index.php\/wp-json\/wp\/v2\/pages"}],"about":[{"href":"https:\/\/gdrtechnologies.ca\/index.php\/wp-json\/wp\/v2\/types\/page"}],"author":[{"embeddable":true,"href":"https:\/\/gdrtechnologies.ca\/index.php\/wp-json\/wp\/v2\/users\/1"}],"replies":[{"embeddable":true,"href":"https:\/\/gdrtechnologies.ca\/index.php\/wp-json\/wp\/v2\/comments?post=1155"}],"version-history":[{"count":50,"href":"https:\/\/gdrtechnologies.ca\/index.php\/wp-json\/wp\/v2\/pages\/1155\/revisions"}],"predecessor-version":[{"id":1673,"href":"https:\/\/gdrtechnologies.ca\/index.php\/wp-json\/wp\/v2\/pages\/1155\/revisions\/1673"}],"wp:attachment":[{"href":"https:\/\/gdrtechnologies.ca\/index.php\/wp-json\/wp\/v2\/media?parent=1155"}],"curies":[{"name":"wp","href":"https:\/\/api.w.org\/{rel}","templated":true}]}}