{"id":245,"date":"2023-02-03T10:52:29","date_gmt":"2023-02-03T15:52:29","guid":{"rendered":"https:\/\/gdatechnologie.duckdns.org\/?page_id=245"},"modified":"2023-03-06T08:34:02","modified_gmt":"2023-03-06T13:34:02","slug":"politique-en-matiere-de-cookies","status":"publish","type":"page","link":"https:\/\/gdrtechnologies.ca\/index.php\/politique-en-matiere-de-cookies\/","title":{"rendered":"Politique en mati\u00e8re de cookies"},"content":{"rendered":"\t\t<div data-elementor-type=\"wp-page\" data-elementor-id=\"245\" class=\"elementor elementor-245\" data-elementor-post-type=\"page\">\n\t\t\t\t\t\t<section class=\"elementor-section elementor-top-section elementor-element elementor-element-433b6a3 elementor-section-height-full elementor-section-boxed elementor-section-height-default elementor-section-items-middle\" data-id=\"433b6a3\" data-element_type=\"section\" data-settings=\"{&quot;background_background&quot;:&quot;classic&quot;}\">\n\t\t\t\t\t\t<div class=\"elementor-container elementor-column-gap-default\">\n\t\t\t\t\t<div class=\"elementor-column elementor-col-100 elementor-top-column elementor-element elementor-element-89df841\" data-id=\"89df841\" data-element_type=\"column\">\n\t\t\t<div class=\"elementor-widget-wrap elementor-element-populated\">\n\t\t\t\t\t\t<div class=\"elementor-element elementor-element-2c2ddae elementor-widget elementor-widget-text-editor\" data-id=\"2c2ddae\" data-element_type=\"widget\" data-widget_type=\"text-editor.default\">\n\t\t\t\t<div class=\"elementor-widget-container\">\n\t\t\t<style>\/*! elementor - v3.20.0 - 06-03-2024 *\/\n.elementor-widget-text-editor.elementor-drop-cap-view-stacked .elementor-drop-cap{background-color:#69727d;color:#fff}.elementor-widget-text-editor.elementor-drop-cap-view-framed .elementor-drop-cap{color:#69727d;border:3px solid;background-color:transparent}.elementor-widget-text-editor:not(.elementor-drop-cap-view-default) .elementor-drop-cap{margin-top:8px}.elementor-widget-text-editor:not(.elementor-drop-cap-view-default) .elementor-drop-cap-letter{width:1em;height:1em}.elementor-widget-text-editor .elementor-drop-cap{float:left;text-align:center;line-height:1;font-size:50px}.elementor-widget-text-editor .elementor-drop-cap-letter{display:inline-block}<\/style>\t\t\t\t<h2><span style=\"color: #ffffff;\">Politique en mati\u00e8re de cookies<\/span><\/h2><h4><span style=\"color: #ffffff;\">Introduction<\/span><\/h4><h5><span style=\"color: #ffffff;\">Un cookie est un petit fichier de donn\u00e9es stock\u00e9 sur le disque dur de votre ordinateur lorsque vous visitez certains sites web. Les cookies sont utilis\u00e9s pour stocker des informations telles que les pr\u00e9f\u00e9rences de l&rsquo;utilisateur, les habitudes de navigation, etc.<\/span><\/h5><h4><span style=\"color: #ffffff;\">Utilisation des cookies sur notre site web<\/span><\/h4><h5><span style=\"color: #ffffff;\"> Notre site web utilise des cookies pour am\u00e9liorer votre exp\u00e9rience en ligne en stockant des informations telles que les pr\u00e9f\u00e9rences de l&rsquo;utilisateur, les habitudes de navigation, etc. Nous utilisons \u00e9galement des cookies pour collecter des donn\u00e9es anonymes sur l&rsquo;utilisation de notre site web afin de l&rsquo;optimiser pour les utilisateurs.<\/span><\/h5><h4><span style=\"color: #ffffff;\">Types de cookies utilis\u00e9s<\/span><\/h4><h5><span style=\"color: #ffffff;\"> Nous utilisons des cookies de session et des cookies persistants sur notre site web. Les cookies de session sont des cookies temporaires qui sont effac\u00e9s de votre ordinateur lorsque vous fermez votre navigateur. Les cookies persistants sont des cookies qui restent sur votre ordinateur jusqu&rsquo;\u00e0 ce que vous les supprimiez ou jusqu&rsquo;\u00e0 ce qu&rsquo;ils expirent.<\/span><\/h5><h4><span style=\"color: #ffffff;\">Gestion des cookies<\/span><\/h4><h5><span style=\"color: #ffffff;\"> Vous pouvez g\u00e9rer les cookies en modifiant les param\u00e8tres de votre navigateur. Vous pouvez choisir de bloquer les cookies, de les autoriser pour certaines pages web ou de les effacer r\u00e9guli\u00e8rement. Veuillez consulter la section \u00ab\u00a0Aide\u00a0\u00bb de votre navigateur pour plus d&rsquo;informations sur la gestion des cookies.<\/span><\/h5><h4><span style=\"color: #ffffff;\">Modification de la politique en mati\u00e8re de cookies<\/span><\/h4><h5><span style=\"color: #ffffff;\"> Nous nous r\u00e9servons le droit de modifier la pr\u00e9sente politique en mati\u00e8re de cookies \u00e0 tout moment. Il est de la responsabilit\u00e9 de l&rsquo;utilisateur de consulter r\u00e9guli\u00e8rement cette politique pour conna\u00eetre les \u00e9ventuelles modifications.<\/span><\/h5><p>\u00a0<\/p>\t\t\t\t\t\t<\/div>\n\t\t\t\t<\/div>\n\t\t\t\t\t<\/div>\n\t\t<\/div>\n\t\t\t\t\t<\/div>\n\t\t<\/section>\n\t\t\t\t<\/div>\n\t\t","protected":false},"excerpt":{"rendered":"<p>Politique en mati\u00e8re de cookies Introduction Un cookie est un petit fichier de donn\u00e9es stock\u00e9 sur le disque dur de votre ordinateur lorsque vous visitez certains sites web. Les cookies sont utilis\u00e9s pour stocker des informations telles que les pr\u00e9f\u00e9rences de l&rsquo;utilisateur, les habitudes de navigation, etc. Utilisation des cookies sur notre site web Notre [&hellip;]<\/p>\n","protected":false},"author":1,"featured_media":0,"parent":0,"menu_order":0,"comment_status":"closed","ping_status":"closed","template":"elementor_header_footer","meta":{"footnotes":""},"class_list":["post-245","page","type-page","status-publish","hentry"],"yoast_head":"<!-- This site is optimized with the Yoast SEO plugin v22.2 - https:\/\/yoast.com\/wordpress\/plugins\/seo\/ -->\n<title>Politique en mati\u00e8re de cookies :<\/title>\n<meta name=\"robots\" content=\"index, follow, max-snippet:-1, max-image-preview:large, max-video-preview:-1\" \/>\n<link rel=\"canonical\" href=\"https:\/\/gdrtechnologies.ca\/index.php\/politique-en-matiere-de-cookies\/\" \/>\n<meta property=\"og:locale\" content=\"fr_FR\" \/>\n<meta property=\"og:type\" content=\"article\" \/>\n<meta property=\"og:title\" content=\"Politique en mati\u00e8re de cookies :\" \/>\n<meta property=\"og:description\" content=\"Politique en mati\u00e8re de cookies Introduction Un cookie est un petit fichier de donn\u00e9es stock\u00e9 sur le disque dur de votre ordinateur lorsque vous visitez certains sites web. Les cookies sont utilis\u00e9s pour stocker des informations telles que les pr\u00e9f\u00e9rences de l&rsquo;utilisateur, les habitudes de navigation, etc. Utilisation des cookies sur notre site web Notre [&hellip;]\" \/>\n<meta property=\"og:url\" content=\"https:\/\/gdrtechnologies.ca\/index.php\/politique-en-matiere-de-cookies\/\" \/>\n<meta property=\"article:modified_time\" content=\"2023-03-06T13:34:02+00:00\" \/>\n<meta property=\"og:image\" content=\"https:\/\/gdrtechnologies.ca\/wp-content\/uploads\/2023\/02\/gdrlogoonlywitheg1.png\" \/>\n\t<meta property=\"og:image:width\" content=\"625\" \/>\n\t<meta property=\"og:image:height\" content=\"575\" \/>\n\t<meta property=\"og:image:type\" content=\"image\/png\" \/>\n<meta name=\"twitter:card\" content=\"summary_large_image\" \/>\n<meta name=\"twitter:label1\" content=\"Dur\u00e9e de lecture estim\u00e9e\" \/>\n\t<meta name=\"twitter:data1\" content=\"2 minutes\" \/>\n<script type=\"application\/ld+json\" class=\"yoast-schema-graph\">{\"@context\":\"https:\/\/schema.org\",\"@graph\":[{\"@type\":\"WebPage\",\"@id\":\"https:\/\/gdrtechnologies.ca\/index.php\/politique-en-matiere-de-cookies\/\",\"url\":\"https:\/\/gdrtechnologies.ca\/index.php\/politique-en-matiere-de-cookies\/\",\"name\":\"Politique en mati\u00e8re de cookies :\",\"isPartOf\":{\"@id\":\"https:\/\/gdrtechnologies.ca\/#website\"},\"datePublished\":\"2023-02-03T15:52:29+00:00\",\"dateModified\":\"2023-03-06T13:34:02+00:00\",\"breadcrumb\":{\"@id\":\"https:\/\/gdrtechnologies.ca\/index.php\/politique-en-matiere-de-cookies\/#breadcrumb\"},\"inLanguage\":\"fr-FR\",\"potentialAction\":[{\"@type\":\"ReadAction\",\"target\":[\"https:\/\/gdrtechnologies.ca\/index.php\/politique-en-matiere-de-cookies\/\"]}]},{\"@type\":\"BreadcrumbList\",\"@id\":\"https:\/\/gdrtechnologies.ca\/index.php\/politique-en-matiere-de-cookies\/#breadcrumb\",\"itemListElement\":[{\"@type\":\"ListItem\",\"position\":1,\"name\":\"Accueil\",\"item\":\"https:\/\/gdrtechnologies.ca\/\"},{\"@type\":\"ListItem\",\"position\":2,\"name\":\"Politique en mati\u00e8re de cookies\"}]},{\"@type\":\"WebSite\",\"@id\":\"https:\/\/gdrtechnologies.ca\/#website\",\"url\":\"https:\/\/gdrtechnologies.ca\/\",\"name\":\"Gdrtechnologies\",\"description\":\"Gestion des actifs\",\"publisher\":{\"@id\":\"https:\/\/gdrtechnologies.ca\/#organization\"},\"potentialAction\":[{\"@type\":\"SearchAction\",\"target\":{\"@type\":\"EntryPoint\",\"urlTemplate\":\"https:\/\/gdrtechnologies.ca\/?s={search_term_string}\"},\"query-input\":\"required name=search_term_string\"}],\"inLanguage\":\"fr-FR\"},{\"@type\":\"Organization\",\"@id\":\"https:\/\/gdrtechnologies.ca\/#organization\",\"name\":\"GDR Technologies\",\"url\":\"https:\/\/gdrtechnologies.ca\/\",\"logo\":{\"@type\":\"ImageObject\",\"inLanguage\":\"fr-FR\",\"@id\":\"https:\/\/gdrtechnologies.ca\/#\/schema\/logo\/image\/\",\"url\":\"https:\/\/gdrtechnologies.ca\/wp-content\/uploads\/2023\/03\/gdrlogoonlywitheg.png\",\"contentUrl\":\"https:\/\/gdrtechnologies.ca\/wp-content\/uploads\/2023\/03\/gdrlogoonlywitheg.png\",\"width\":500,\"height\":500,\"caption\":\"GDR Technologies\"},\"image\":{\"@id\":\"https:\/\/gdrtechnologies.ca\/#\/schema\/logo\/image\/\"}}]}<\/script>\n<!-- \/ Yoast SEO plugin. -->","yoast_head_json":{"title":"Politique en mati\u00e8re de cookies :","robots":{"index":"index","follow":"follow","max-snippet":"max-snippet:-1","max-image-preview":"max-image-preview:large","max-video-preview":"max-video-preview:-1"},"canonical":"https:\/\/gdrtechnologies.ca\/index.php\/politique-en-matiere-de-cookies\/","og_locale":"fr_FR","og_type":"article","og_title":"Politique en mati\u00e8re de cookies :","og_description":"Politique en mati\u00e8re de cookies Introduction Un cookie est un petit fichier de donn\u00e9es stock\u00e9 sur le disque dur de votre ordinateur lorsque vous visitez certains sites web. Les cookies sont utilis\u00e9s pour stocker des informations telles que les pr\u00e9f\u00e9rences de l&rsquo;utilisateur, les habitudes de navigation, etc. Utilisation des cookies sur notre site web Notre [&hellip;]","og_url":"https:\/\/gdrtechnologies.ca\/index.php\/politique-en-matiere-de-cookies\/","article_modified_time":"2023-03-06T13:34:02+00:00","og_image":[{"width":625,"height":575,"url":"https:\/\/gdrtechnologies.ca\/wp-content\/uploads\/2023\/02\/gdrlogoonlywitheg1.png","type":"image\/png"}],"twitter_card":"summary_large_image","twitter_misc":{"Dur\u00e9e de lecture estim\u00e9e":"2 minutes"},"schema":{"@context":"https:\/\/schema.org","@graph":[{"@type":"WebPage","@id":"https:\/\/gdrtechnologies.ca\/index.php\/politique-en-matiere-de-cookies\/","url":"https:\/\/gdrtechnologies.ca\/index.php\/politique-en-matiere-de-cookies\/","name":"Politique en mati\u00e8re de cookies :","isPartOf":{"@id":"https:\/\/gdrtechnologies.ca\/#website"},"datePublished":"2023-02-03T15:52:29+00:00","dateModified":"2023-03-06T13:34:02+00:00","breadcrumb":{"@id":"https:\/\/gdrtechnologies.ca\/index.php\/politique-en-matiere-de-cookies\/#breadcrumb"},"inLanguage":"fr-FR","potentialAction":[{"@type":"ReadAction","target":["https:\/\/gdrtechnologies.ca\/index.php\/politique-en-matiere-de-cookies\/"]}]},{"@type":"BreadcrumbList","@id":"https:\/\/gdrtechnologies.ca\/index.php\/politique-en-matiere-de-cookies\/#breadcrumb","itemListElement":[{"@type":"ListItem","position":1,"name":"Accueil","item":"https:\/\/gdrtechnologies.ca\/"},{"@type":"ListItem","position":2,"name":"Politique en mati\u00e8re de cookies"}]},{"@type":"WebSite","@id":"https:\/\/gdrtechnologies.ca\/#website","url":"https:\/\/gdrtechnologies.ca\/","name":"Gdrtechnologies","description":"Gestion des actifs","publisher":{"@id":"https:\/\/gdrtechnologies.ca\/#organization"},"potentialAction":[{"@type":"SearchAction","target":{"@type":"EntryPoint","urlTemplate":"https:\/\/gdrtechnologies.ca\/?s={search_term_string}"},"query-input":"required name=search_term_string"}],"inLanguage":"fr-FR"},{"@type":"Organization","@id":"https:\/\/gdrtechnologies.ca\/#organization","name":"GDR Technologies","url":"https:\/\/gdrtechnologies.ca\/","logo":{"@type":"ImageObject","inLanguage":"fr-FR","@id":"https:\/\/gdrtechnologies.ca\/#\/schema\/logo\/image\/","url":"https:\/\/gdrtechnologies.ca\/wp-content\/uploads\/2023\/03\/gdrlogoonlywitheg.png","contentUrl":"https:\/\/gdrtechnologies.ca\/wp-content\/uploads\/2023\/03\/gdrlogoonlywitheg.png","width":500,"height":500,"caption":"GDR Technologies"},"image":{"@id":"https:\/\/gdrtechnologies.ca\/#\/schema\/logo\/image\/"}}]}},"_links":{"self":[{"href":"https:\/\/gdrtechnologies.ca\/index.php\/wp-json\/wp\/v2\/pages\/245","targetHints":{"allow":["GET"]}}],"collection":[{"href":"https:\/\/gdrtechnologies.ca\/index.php\/wp-json\/wp\/v2\/pages"}],"about":[{"href":"https:\/\/gdrtechnologies.ca\/index.php\/wp-json\/wp\/v2\/types\/page"}],"author":[{"embeddable":true,"href":"https:\/\/gdrtechnologies.ca\/index.php\/wp-json\/wp\/v2\/users\/1"}],"replies":[{"embeddable":true,"href":"https:\/\/gdrtechnologies.ca\/index.php\/wp-json\/wp\/v2\/comments?post=245"}],"version-history":[{"count":17,"href":"https:\/\/gdrtechnologies.ca\/index.php\/wp-json\/wp\/v2\/pages\/245\/revisions"}],"predecessor-version":[{"id":1692,"href":"https:\/\/gdrtechnologies.ca\/index.php\/wp-json\/wp\/v2\/pages\/245\/revisions\/1692"}],"wp:attachment":[{"href":"https:\/\/gdrtechnologies.ca\/index.php\/wp-json\/wp\/v2\/media?parent=245"}],"curies":[{"name":"wp","href":"https:\/\/api.w.org\/{rel}","templated":true}]}}